{"id":9279,"date":"2021-11-08T15:43:55","date_gmt":"2021-11-08T15:43:55","guid":{"rendered":"https:\/\/feelvianastore.com\/?post_type=product&#038;p=9279"},"modified":"2021-11-09T12:01:07","modified_gmt":"2021-11-09T12:01:07","slug":"lost-puddle-jumper-c7","status":"publish","type":"product","link":"https:\/\/feelvianastore.com\/en\/produto\/lost-puddle-jumper-c7\/","title":{"rendered":"Lost Puddle Jumper C7"},"content":{"rendered":"<p>Truck Option: C7<br \/>\nTruck Color Option: Raw<br \/>\nWheels: 68MM Mag Smoke 78A<br \/>\nBearings: Built-In<br \/>\nGrip Tape: Mayhem Deck Pad<br \/>\nHardware: Stainless Steel<br \/>\nLength: 30 1\/2&#8243;<br \/>\nWidth: 10 1\/2&#8243;<br \/>\nWheelbase: 16 7\/8&#8243;<br \/>\nNose: 3&#8243;<br \/>\nTail: 6 1\/2&#8243;<\/p>\n","protected":false},"excerpt":{"rendered":"<p>O novo Puddle Jumper \u00e9 r\u00e1pido mas solto, preciso mas brincalh\u00e3o, fique na tail e simplesmente v\u00e1 para a cidade, girando e navegando.<\/p>\n","protected":false},"featured_media":9222,"template":"","meta":[],"product_cat":[381,378,365],"product_tag":[],"class_list":{"0":"post-9279","1":"product","2":"type-product","3":"status-publish","4":"has-post-thumbnail","6":"product_cat-skate-surf-watersports-en","7":"product_cat-surf-watersports-en","8":"product_cat-watersports-en","9":"product_shipping_class-grupo-2-en","10":"pa_marca-carver-en","12":"first","13":"outofstock","14":"taxable","15":"shipping-taxable","16":"purchasable","17":"product-type-simple"},"_links":{"self":[{"href":"https:\/\/feelvianastore.com\/en\/wp-json\/wp\/v2\/product\/9279","targetHints":{"allow":["GET"]}}],"collection":[{"href":"https:\/\/feelvianastore.com\/en\/wp-json\/wp\/v2\/product"}],"about":[{"href":"https:\/\/feelvianastore.com\/en\/wp-json\/wp\/v2\/types\/product"}],"version-history":[{"count":0,"href":"https:\/\/feelvianastore.com\/en\/wp-json\/wp\/v2\/product\/9279\/revisions"}],"wp:featuredmedia":[{"embeddable":true,"href":"https:\/\/feelvianastore.com\/en\/wp-json\/wp\/v2\/media\/9222"}],"wp:attachment":[{"href":"https:\/\/feelvianastore.com\/en\/wp-json\/wp\/v2\/media?parent=9279"}],"wp:term":[{"taxonomy":"product_cat","embeddable":true,"href":"https:\/\/feelvianastore.com\/en\/wp-json\/wp\/v2\/product_cat?post=9279"},{"taxonomy":"product_tag","embeddable":true,"href":"https:\/\/feelvianastore.com\/en\/wp-json\/wp\/v2\/product_tag?post=9279"}],"curies":[{"name":"wp","href":"https:\/\/api.w.org\/{rel}","templated":true}]}}