{"id":9278,"date":"2021-11-08T15:34:07","date_gmt":"2021-11-08T15:34:07","guid":{"rendered":"https:\/\/feelvianastore.com\/?post_type=product&#038;p=9278"},"modified":"2021-11-09T12:00:04","modified_gmt":"2021-11-09T12:00:04","slug":"emerald-peak-c7","status":"publish","type":"product","link":"https:\/\/feelvianastore.com\/en\/produto\/emerald-peak-c7\/","title":{"rendered":"Emerald Peak C7"},"content":{"rendered":"<p>Truck Option: C7<br \/>\nTruck Color Option: Raw<br \/>\nWheels: 70MM ECOMAG Aqua 81A<br \/>\nBearings: Built-In<br \/>\nGrip Tape: Full top graphic w\/ sugarcoat<br \/>\nHardware: Stainless Steel<br \/>\nLength: 30&#8243;<br \/>\nWidth: 9 3\/4&#8243;<br \/>\nWheelbase: 16 1\/2&#8243;<br \/>\nNose: 3 1\/8&#8243;<br \/>\nTail: 6 1\/8&#8243;<\/p>\n","protected":false},"excerpt":{"rendered":"<p>A revolu\u00e7\u00e3o da shortboard aumentou significativamente com a introdu\u00e7\u00e3o da tail de andorinha, aumentando a capacidade de manobra e abrindo novas linhas na onda, como se pode ver no Emerald, corta r\u00e1pido e \u00e9 veloz em linhas longas.<\/p>\n","protected":false},"featured_media":9218,"template":"","meta":[],"product_cat":[381,378,365],"product_tag":[],"class_list":{"0":"post-9278","1":"product","2":"type-product","3":"status-publish","4":"has-post-thumbnail","6":"product_cat-skate-surf-watersports-en","7":"product_cat-surf-watersports-en","8":"product_cat-watersports-en","9":"product_shipping_class-grupo-2-en","10":"pa_marca-carver-en","12":"first","13":"outofstock","14":"taxable","15":"shipping-taxable","16":"purchasable","17":"product-type-simple"},"_links":{"self":[{"href":"https:\/\/feelvianastore.com\/en\/wp-json\/wp\/v2\/product\/9278","targetHints":{"allow":["GET"]}}],"collection":[{"href":"https:\/\/feelvianastore.com\/en\/wp-json\/wp\/v2\/product"}],"about":[{"href":"https:\/\/feelvianastore.com\/en\/wp-json\/wp\/v2\/types\/product"}],"version-history":[{"count":0,"href":"https:\/\/feelvianastore.com\/en\/wp-json\/wp\/v2\/product\/9278\/revisions"}],"wp:featuredmedia":[{"embeddable":true,"href":"https:\/\/feelvianastore.com\/en\/wp-json\/wp\/v2\/media\/9218"}],"wp:attachment":[{"href":"https:\/\/feelvianastore.com\/en\/wp-json\/wp\/v2\/media?parent=9278"}],"wp:term":[{"taxonomy":"product_cat","embeddable":true,"href":"https:\/\/feelvianastore.com\/en\/wp-json\/wp\/v2\/product_cat?post=9278"},{"taxonomy":"product_tag","embeddable":true,"href":"https:\/\/feelvianastore.com\/en\/wp-json\/wp\/v2\/product_tag?post=9278"}],"curies":[{"name":"wp","href":"https:\/\/api.w.org\/{rel}","templated":true}]}}