{"id":9276,"date":"2021-11-08T15:07:01","date_gmt":"2021-11-08T15:07:01","guid":{"rendered":"https:\/\/feelvianastore.com\/?post_type=product&#038;p=9276"},"modified":"2022-07-23T16:52:36","modified_gmt":"2022-07-23T15:52:36","slug":"firefly-cx","status":"publish","type":"product","link":"https:\/\/feelvianastore.com\/en\/produto\/firefly-cx\/","title":{"rendered":"Firefly Cx"},"content":{"rendered":"<p>Truck Option: CX<br \/>\nTruck Color Option: Raw<br \/>\nWheels: 69MM Concave Smoke 78A<br \/>\nBearings: Built-In<br \/>\nGrip Tape: Deck Pad Print Grip<br \/>\nHardware: Stainless Steel<br \/>\nLength: 30 1\/4&#8243;<br \/>\nWidth: 9 7\/8&#8243;<br \/>\nWheelbase: 16 1\/2&#8243;<br \/>\nNose: 3 3\/8&#8243;<br \/>\nTail: 6 1\/4&#8243;<\/p>\n","protected":false},"excerpt":{"rendered":"<p>Uma vers\u00e3o um pouco mais curta da cl\u00e1ssica Resin, este modelo \u00e9 um pouco mais \u00e1gil e f\u00e1cil de bombear.<\/p>\n","protected":false},"featured_media":9214,"template":"","meta":[],"product_cat":[381,378,365],"product_tag":[],"class_list":{"0":"post-9276","1":"product","2":"type-product","3":"status-publish","4":"has-post-thumbnail","6":"product_cat-skate-surf-watersports-en","7":"product_cat-surf-watersports-en","8":"product_cat-watersports-en","9":"product_shipping_class-grupo-2-en","10":"pa_marca-carver-en","12":"first","13":"instock","14":"taxable","15":"shipping-taxable","16":"purchasable","17":"product-type-simple"},"_links":{"self":[{"href":"https:\/\/feelvianastore.com\/en\/wp-json\/wp\/v2\/product\/9276","targetHints":{"allow":["GET"]}}],"collection":[{"href":"https:\/\/feelvianastore.com\/en\/wp-json\/wp\/v2\/product"}],"about":[{"href":"https:\/\/feelvianastore.com\/en\/wp-json\/wp\/v2\/types\/product"}],"version-history":[{"count":1,"href":"https:\/\/feelvianastore.com\/en\/wp-json\/wp\/v2\/product\/9276\/revisions"}],"predecessor-version":[{"id":16078,"href":"https:\/\/feelvianastore.com\/en\/wp-json\/wp\/v2\/product\/9276\/revisions\/16078"}],"wp:featuredmedia":[{"embeddable":true,"href":"https:\/\/feelvianastore.com\/en\/wp-json\/wp\/v2\/media\/9214"}],"wp:attachment":[{"href":"https:\/\/feelvianastore.com\/en\/wp-json\/wp\/v2\/media?parent=9276"}],"wp:term":[{"taxonomy":"product_cat","embeddable":true,"href":"https:\/\/feelvianastore.com\/en\/wp-json\/wp\/v2\/product_cat?post=9276"},{"taxonomy":"product_tag","embeddable":true,"href":"https:\/\/feelvianastore.com\/en\/wp-json\/wp\/v2\/product_tag?post=9276"}],"curies":[{"name":"wp","href":"https:\/\/api.w.org\/{rel}","templated":true}]}}