{"id":8824,"date":"2021-10-19T13:54:51","date_gmt":"2021-10-19T12:54:51","guid":{"rendered":"https:\/\/feelvianastore.com\/?post_type=product&#038;p=8824"},"modified":"2022-01-04T13:27:40","modified_gmt":"2022-01-04T13:27:40","slug":"trail-rocket-fr-16","status":"publish","type":"product","link":"https:\/\/feelvianastore.com\/en\/produto\/trail-rocket-fr-16\/","title":{"rendered":"Trail Rocket Fr 16"},"content":{"rendered":"<ul>\n<li>Big volume for long bike tours<\/li>\n<li>Organized tool compartment<\/li>\n<li>Inside pocket for Ebike battery<\/li>\n<li>Separate pocket on top<\/li>\n<li>Stretch side pocket on both sides<\/li>\n<li>XC &amp; Full face helmet carrier<\/li>\n<li>Hydration bladder compatible<\/li>\n<li>Raincover<\/li>\n<li>Separate pocket for sunglasses<\/li>\n<li>Keyholder<\/li>\n<\/ul>\n","protected":false},"excerpt":{"rendered":"<p>Percorra qualquer trilho, em qualquer montanha com a mochila SCOTT Trail Rocket FR&#8217;16. Com o seu grande volume, um bolso de ferramentas espa\u00e7oso na frente e bolsos laterais extens\u00edveis para guardar itens adicionais ou ferramentas extras, agora tamb\u00e9m possui um bolso para uma bateria de ebike extra e \u00e9 compat\u00edvel com uma bolsa de hidrata\u00e7\u00e3o.<\/p>\n","protected":false},"featured_media":8825,"template":"","meta":[],"product_cat":[463,337,338],"product_tag":[],"class_list":{"0":"post-8824","1":"product","2":"type-product","3":"status-publish","4":"has-post-thumbnail","6":"product_cat-backpack-equipment-bike-en","7":"product_cat-bike-en","8":"product_cat-equipment-ebike-en","9":"product_shipping_class-grupo-1-en","10":"pa_marca-scott-en","12":"first","13":"instock","14":"taxable","15":"shipping-taxable","16":"purchasable","17":"product-type-simple"},"_links":{"self":[{"href":"https:\/\/feelvianastore.com\/en\/wp-json\/wp\/v2\/product\/8824","targetHints":{"allow":["GET"]}}],"collection":[{"href":"https:\/\/feelvianastore.com\/en\/wp-json\/wp\/v2\/product"}],"about":[{"href":"https:\/\/feelvianastore.com\/en\/wp-json\/wp\/v2\/types\/product"}],"version-history":[{"count":0,"href":"https:\/\/feelvianastore.com\/en\/wp-json\/wp\/v2\/product\/8824\/revisions"}],"wp:featuredmedia":[{"embeddable":true,"href":"https:\/\/feelvianastore.com\/en\/wp-json\/wp\/v2\/media\/8825"}],"wp:attachment":[{"href":"https:\/\/feelvianastore.com\/en\/wp-json\/wp\/v2\/media?parent=8824"}],"wp:term":[{"taxonomy":"product_cat","embeddable":true,"href":"https:\/\/feelvianastore.com\/en\/wp-json\/wp\/v2\/product_cat?post=8824"},{"taxonomy":"product_tag","embeddable":true,"href":"https:\/\/feelvianastore.com\/en\/wp-json\/wp\/v2\/product_tag?post=8824"}],"curies":[{"name":"wp","href":"https:\/\/api.w.org\/{rel}","templated":true}]}}