{"id":24207,"date":"2025-06-19T15:36:47","date_gmt":"2025-06-19T14:36:47","guid":{"rendered":"https:\/\/feelvianastore.com\/?post_type=product&#038;p=24207"},"modified":"2025-06-19T15:43:43","modified_gmt":"2025-06-19T14:43:43","slug":"strike-eride-930-blue-2","status":"publish","type":"product","link":"https:\/\/feelvianastore.com\/en\/produto\/strike-eride-930-blue-2\/","title":{"rendered":"Strike Eride 930 Blue"},"content":{"rendered":"<p>A Bicicleta El\u00e9trica SCOTT Strike eRIDE 930 BLUE tem motor Bosch potente, suspens\u00e3o Marzocchi Z2 Air 140mm e bateria de 1125 Wh.<\/p>\n<p><b>Principais Caracter\u00edsticas:<\/b><br \/>\nQuadro Strike eRIDE em Alum\u00ednio<br \/>\nSuspens\u00e3o Marzocchi Z2 Air 140mm<br \/>\nX-Fusion Nude, 140mm, TwinLoc<br \/>\nSRAM SX-NX Eagle de 12 velocidades<br \/>\nBosch CX, at\u00e9 1125Wh, PowerTube<br \/>\nTrav\u00f5es de disco Shimano de 4 Pistons<\/p>\n","protected":false},"excerpt":{"rendered":"<p>A Bicicleta El\u00e9trica SCOTT Strike eRIDE 930 BLUE tem motor Bosch potente, suspens\u00e3o Marzocchi Z2 Air 140mm e bateria de 1125 Wh. Principais Caracter\u00edsticas: Quadro Strike eRIDE em Alum\u00ednio Suspens\u00e3o Marzocchi Z2 Air 140mm X-Fusion Nude, 140mm, TwinLoc SRAM SX-NX Eagle de 12 velocidades Bosch CX, at\u00e9 1125Wh, PowerTube Trav\u00f5es de disco Shimano de 4 [&hellip;]<\/p>\n","protected":false},"featured_media":24205,"template":"","meta":[],"product_cat":[337,788,352,354],"product_tag":[],"class_list":{"0":"post-24207","1":"product","2":"type-product","3":"status-publish","4":"has-post-thumbnail","6":"product_cat-bike-en","7":"product_cat-bikes-en","8":"product_cat-ebikes-bike-en","9":"product_cat-mountain-ebike-bike-en","10":"product_shipping_class-grupo-3-en","12":"first","13":"outofstock","14":"taxable","15":"shipping-taxable","16":"product-type-variable"},"_links":{"self":[{"href":"https:\/\/feelvianastore.com\/en\/wp-json\/wp\/v2\/product\/24207","targetHints":{"allow":["GET"]}}],"collection":[{"href":"https:\/\/feelvianastore.com\/en\/wp-json\/wp\/v2\/product"}],"about":[{"href":"https:\/\/feelvianastore.com\/en\/wp-json\/wp\/v2\/types\/product"}],"version-history":[{"count":1,"href":"https:\/\/feelvianastore.com\/en\/wp-json\/wp\/v2\/product\/24207\/revisions"}],"predecessor-version":[{"id":24208,"href":"https:\/\/feelvianastore.com\/en\/wp-json\/wp\/v2\/product\/24207\/revisions\/24208"}],"wp:featuredmedia":[{"embeddable":true,"href":"https:\/\/feelvianastore.com\/en\/wp-json\/wp\/v2\/media\/24205"}],"wp:attachment":[{"href":"https:\/\/feelvianastore.com\/en\/wp-json\/wp\/v2\/media?parent=24207"}],"wp:term":[{"taxonomy":"product_cat","embeddable":true,"href":"https:\/\/feelvianastore.com\/en\/wp-json\/wp\/v2\/product_cat?post=24207"},{"taxonomy":"product_tag","embeddable":true,"href":"https:\/\/feelvianastore.com\/en\/wp-json\/wp\/v2\/product_tag?post=24207"}],"curies":[{"name":"wp","href":"https:\/\/api.w.org\/{rel}","templated":true}]}}