{"id":23934,"date":"2025-04-26T13:35:56","date_gmt":"2025-04-26T12:35:56","guid":{"rendered":"https:\/\/feelvianastore.com\/?post_type=product&#038;p=23934"},"modified":"2025-04-26T13:37:20","modified_gmt":"2025-04-26T12:37:20","slug":"bicicleta-scott-addict-30","status":"publish","type":"product","link":"https:\/\/feelvianastore.com\/en\/produto\/bicicleta-scott-addict-30\/","title":{"rendered":"Bicicleta Scott Addict 30"},"content":{"rendered":"<p>Descubra a Bicicleta SCOTT Addict 30, ideal para quem quer pedalar mais quil\u00f3metros com conforto e performance, devido \u00e0 geometria focada em endurance.<\/p>\n<p><b>Principais Caracter\u00edsticas:<\/b><br \/>\nForqueta Addict em Carbono HMF<br \/>\nQuadro Addict Disc em Carbono HMF<br \/>\nShimano 105 Di2 Disc de 24 velocidades<br \/>\nSyncros Capital 1.0 35 Disc<br \/>\nPneus Schwalbe ONE<br \/>\nComponentes Syncros de carbono\/liga leve<\/p>\n<p>A SCOTT Addict 30 foi desenvolvida de raiz a pensar na melhor combina\u00e7\u00e3o poss\u00edvel entre Performance, Conforto e baixo peso. A nossa gama ADDICT tem como base a na nossa gama de competi\u00e7\u00e3o ADDICT RC mas garantindo o Conforto exigido a uma bicicleta de Endurance focada em qualquer &#8220;etapa&#8221; que o seu passeio o leve!<\/p>\n","protected":false},"excerpt":{"rendered":"<p>Descubra a Bicicleta SCOTT Addict 30, ideal para quem quer pedalar mais quil\u00f3metros com conforto e performance, devido \u00e0 geometria focada em endurance. Principais Caracter\u00edsticas: Forqueta Addict em Carbono HMF Quadro Addict Disc em Carbono HMF Shimano 105 Di2 Disc de 24 velocidades Syncros Capital 1.0 35 Disc Pneus Schwalbe ONE Componentes Syncros de carbono\/liga [&hellip;]<\/p>\n","protected":false},"featured_media":23932,"template":"","meta":[],"product_cat":[337,788,353],"product_tag":[1262],"class_list":{"0":"post-23934","1":"product","2":"type-product","3":"status-publish","4":"has-post-thumbnail","6":"product_cat-bike-en","7":"product_cat-bikes-en","8":"product_cat-road-bikes-en","9":"product_tag-novo-en","11":"first","12":"outofstock","13":"taxable","14":"shipping-taxable","15":"product-type-variable"},"_links":{"self":[{"href":"https:\/\/feelvianastore.com\/en\/wp-json\/wp\/v2\/product\/23934","targetHints":{"allow":["GET"]}}],"collection":[{"href":"https:\/\/feelvianastore.com\/en\/wp-json\/wp\/v2\/product"}],"about":[{"href":"https:\/\/feelvianastore.com\/en\/wp-json\/wp\/v2\/types\/product"}],"version-history":[{"count":1,"href":"https:\/\/feelvianastore.com\/en\/wp-json\/wp\/v2\/product\/23934\/revisions"}],"predecessor-version":[{"id":23936,"href":"https:\/\/feelvianastore.com\/en\/wp-json\/wp\/v2\/product\/23934\/revisions\/23936"}],"wp:featuredmedia":[{"embeddable":true,"href":"https:\/\/feelvianastore.com\/en\/wp-json\/wp\/v2\/media\/23932"}],"wp:attachment":[{"href":"https:\/\/feelvianastore.com\/en\/wp-json\/wp\/v2\/media?parent=23934"}],"wp:term":[{"taxonomy":"product_cat","embeddable":true,"href":"https:\/\/feelvianastore.com\/en\/wp-json\/wp\/v2\/product_cat?post=23934"},{"taxonomy":"product_tag","embeddable":true,"href":"https:\/\/feelvianastore.com\/en\/wp-json\/wp\/v2\/product_tag?post=23934"}],"curies":[{"name":"wp","href":"https:\/\/api.w.org\/{rel}","templated":true}]}}