{"id":23430,"date":"2025-04-05T17:06:15","date_gmt":"2025-04-05T16:06:15","guid":{"rendered":"https:\/\/feelvianastore.com\/?post_type=product&#038;p=23430"},"modified":"2025-04-05T17:08:20","modified_gmt":"2025-04-05T16:08:20","slug":"midi-foil-board-2025","status":"publish","type":"product","link":"https:\/\/feelvianastore.com\/en\/produto\/midi-foil-board-2025\/","title":{"rendered":"Midi Foil Board 2025"},"content":{"rendered":"<p>Uma prancha de crossover de asa fina e de comprimento m\u00e9dio, otimizada para efici\u00eancia na \u00e1gua e transi\u00e7\u00f5es r\u00e1pidas para foil.<\/p>\n","protected":false},"excerpt":{"rendered":"<p>Uma prancha de crossover de asa fina e de comprimento m\u00e9dio, otimizada para efici\u00eancia na \u00e1gua e transi\u00e7\u00f5es r\u00e1pidas para foil.<\/p>\n","protected":false},"featured_media":23428,"template":"","meta":[],"product_cat":[468,372,469,370,367,365,373],"product_tag":[],"class_list":{"0":"post-23430","1":"product","2":"type-product","3":"status-publish","4":"has-post-thumbnail","6":"product_cat-boards-wing-watersports-en","7":"product_cat-boards-kitesurf-watersports-en","8":"product_cat-foil-wing-watersports-en","9":"product_cat-foil-kitesurf-watersports-en","10":"product_cat-kitesurf-watersports-en","11":"product_cat-watersports-en","12":"product_cat-wing-watersports-en","13":"product_shipping_class-grupo-3-en","15":"first","16":"outofstock","17":"taxable","18":"shipping-taxable","19":"product-type-variable"},"_links":{"self":[{"href":"https:\/\/feelvianastore.com\/en\/wp-json\/wp\/v2\/product\/23430","targetHints":{"allow":["GET"]}}],"collection":[{"href":"https:\/\/feelvianastore.com\/en\/wp-json\/wp\/v2\/product"}],"about":[{"href":"https:\/\/feelvianastore.com\/en\/wp-json\/wp\/v2\/types\/product"}],"version-history":[{"count":1,"href":"https:\/\/feelvianastore.com\/en\/wp-json\/wp\/v2\/product\/23430\/revisions"}],"predecessor-version":[{"id":23433,"href":"https:\/\/feelvianastore.com\/en\/wp-json\/wp\/v2\/product\/23430\/revisions\/23433"}],"wp:featuredmedia":[{"embeddable":true,"href":"https:\/\/feelvianastore.com\/en\/wp-json\/wp\/v2\/media\/23428"}],"wp:attachment":[{"href":"https:\/\/feelvianastore.com\/en\/wp-json\/wp\/v2\/media?parent=23430"}],"wp:term":[{"taxonomy":"product_cat","embeddable":true,"href":"https:\/\/feelvianastore.com\/en\/wp-json\/wp\/v2\/product_cat?post=23430"},{"taxonomy":"product_tag","embeddable":true,"href":"https:\/\/feelvianastore.com\/en\/wp-json\/wp\/v2\/product_tag?post=23430"}],"curies":[{"name":"wp","href":"https:\/\/api.w.org\/{rel}","templated":true}]}}