{"id":23417,"date":"2025-04-05T16:27:13","date_gmt":"2025-04-05T15:27:13","guid":{"rendered":"https:\/\/feelvianastore.com\/?post_type=product&#038;p=23417"},"modified":"2025-04-05T16:33:36","modified_gmt":"2025-04-05T15:33:36","slug":"orbit-pro-kite-2025-2","status":"publish","type":"product","link":"https:\/\/feelvianastore.com\/en\/produto\/orbit-pro-kite-2025-2\/","title":{"rendered":"Orbit Pro Kite 2025"},"content":{"rendered":"<p>Otimizado para competi\u00e7\u00f5es para realizar as manobras de maior pontua\u00e7\u00e3o, o Pro \u00e9 o seu Orbit ic\u00f4nico, refinado em um design mais leve e econ\u00f4mico com estrutura N-Max2 para dire\u00e7\u00e3o mais r\u00e1pida, impulso mais extremo e tempo de espera para vencer a disputa.<\/p>\n","protected":false},"excerpt":{"rendered":"<p>Otimizado para competi\u00e7\u00f5es para realizar as manobras de maior pontua\u00e7\u00e3o, o Pro \u00e9 o seu Orbit ic\u00f4nico, refinado em um design mais leve e econ\u00f4mico com estrutura N-Max2 para dire\u00e7\u00e3o mais r\u00e1pida, impulso mais extremo e tempo de espera para vencer a disputa.<\/p>\n","protected":false},"featured_media":23409,"template":"","meta":[],"product_cat":[371,367,365],"product_tag":[1262],"class_list":{"0":"post-23417","1":"product","2":"type-product","3":"status-publish","4":"has-post-thumbnail","6":"product_cat-kites-kitesurf-watersports-en","7":"product_cat-kitesurf-watersports-en","8":"product_cat-watersports-en","9":"product_tag-novo-en","10":"product_shipping_class-grupo-3-en","12":"first","13":"instock","14":"sale","15":"taxable","16":"shipping-taxable","17":"purchasable","18":"product-type-variable"},"_links":{"self":[{"href":"https:\/\/feelvianastore.com\/en\/wp-json\/wp\/v2\/product\/23417","targetHints":{"allow":["GET"]}}],"collection":[{"href":"https:\/\/feelvianastore.com\/en\/wp-json\/wp\/v2\/product"}],"about":[{"href":"https:\/\/feelvianastore.com\/en\/wp-json\/wp\/v2\/types\/product"}],"version-history":[{"count":1,"href":"https:\/\/feelvianastore.com\/en\/wp-json\/wp\/v2\/product\/23417\/revisions"}],"predecessor-version":[{"id":23421,"href":"https:\/\/feelvianastore.com\/en\/wp-json\/wp\/v2\/product\/23417\/revisions\/23421"}],"wp:featuredmedia":[{"embeddable":true,"href":"https:\/\/feelvianastore.com\/en\/wp-json\/wp\/v2\/media\/23409"}],"wp:attachment":[{"href":"https:\/\/feelvianastore.com\/en\/wp-json\/wp\/v2\/media?parent=23417"}],"wp:term":[{"taxonomy":"product_cat","embeddable":true,"href":"https:\/\/feelvianastore.com\/en\/wp-json\/wp\/v2\/product_cat?post=23417"},{"taxonomy":"product_tag","embeddable":true,"href":"https:\/\/feelvianastore.com\/en\/wp-json\/wp\/v2\/product_tag?post=23417"}],"curies":[{"name":"wp","href":"https:\/\/api.w.org\/{rel}","templated":true}]}}