{"id":23378,"date":"2025-04-05T14:43:23","date_gmt":"2025-04-05T13:43:23","guid":{"rendered":"https:\/\/feelvianastore.com\/?post_type=product&#038;p=23378"},"modified":"2025-04-05T14:47:02","modified_gmt":"2025-04-05T13:47:02","slug":"scott-patron-eride-930","status":"publish","type":"product","link":"https:\/\/feelvianastore.com\/en\/produto\/scott-patron-eride-930\/","title":{"rendered":"Scott Patron Eride 930"},"content":{"rendered":"<p>A Patron eRIDE 930 foi concebida como um sistema otimizado para passeios em trilhos durante todo o dia. A integra\u00e7\u00e3o perfeita e a geometria meticulosamente selecionada, aliadas a uma nova e potente unidade de tra\u00e7\u00e3o Bosch, proporcionam muito mais do que uma excelente condu\u00e7\u00e3o. O que obt\u00e9ns, pelo contr\u00e1rio, \u00e9 uma experi\u00eancia sublime montanha acima e montanha abaixo, vezes sem conta. Patron eRIDE &#8211; Domina os trilhos.<\/p>\n<p>PRINCIPAIS CARACTER\u00cdSTICAS<\/p>\n<p>Quadro Patron eRIDE em Alum\u00ednio<\/p>\n<p>Suspens\u00e3o RockShox Domain 160mm<\/p>\n<p>X-Fusion Nude eRIDE, 160 mm, TwinLoc<\/p>\n<p>SRAM NX de 12 velocidades<\/p>\n<p>Bosch CX, 625 Wh PowerTube \/ SmartSystem<\/p>\n<p>Trav\u00f5es de disco SRAM DB8 de 4 pist\u00f5es<\/p>\n<p>Espig\u00e3o telesc\u00f3pico Syncros<\/p>\n","protected":false},"excerpt":{"rendered":"<p>A Patron eRIDE 930 foi concebida como um sistema otimizado para passeios em trilhos durante todo o dia. A integra\u00e7\u00e3o perfeita e a geometria meticulosamente selecionada, aliadas a uma nova e potente unidade de tra\u00e7\u00e3o Bosch, proporcionam muito mais do que uma excelente condu\u00e7\u00e3o. O que obt\u00e9ns, pelo contr\u00e1rio, \u00e9 uma experi\u00eancia sublime montanha acima [&hellip;]<\/p>\n","protected":false},"featured_media":23375,"template":"","meta":[],"product_cat":[788,352,354],"product_tag":[],"class_list":{"0":"post-23378","1":"product","2":"type-product","3":"status-publish","4":"has-post-thumbnail","6":"product_cat-bikes-en","7":"product_cat-ebikes-bike-en","8":"product_cat-mountain-ebike-bike-en","9":"product_shipping_class-grupo-3-en","11":"first","12":"outofstock","13":"taxable","14":"shipping-taxable","15":"product-type-variable"},"_links":{"self":[{"href":"https:\/\/feelvianastore.com\/en\/wp-json\/wp\/v2\/product\/23378","targetHints":{"allow":["GET"]}}],"collection":[{"href":"https:\/\/feelvianastore.com\/en\/wp-json\/wp\/v2\/product"}],"about":[{"href":"https:\/\/feelvianastore.com\/en\/wp-json\/wp\/v2\/types\/product"}],"version-history":[{"count":1,"href":"https:\/\/feelvianastore.com\/en\/wp-json\/wp\/v2\/product\/23378\/revisions"}],"predecessor-version":[{"id":23380,"href":"https:\/\/feelvianastore.com\/en\/wp-json\/wp\/v2\/product\/23378\/revisions\/23380"}],"wp:featuredmedia":[{"embeddable":true,"href":"https:\/\/feelvianastore.com\/en\/wp-json\/wp\/v2\/media\/23375"}],"wp:attachment":[{"href":"https:\/\/feelvianastore.com\/en\/wp-json\/wp\/v2\/media?parent=23378"}],"wp:term":[{"taxonomy":"product_cat","embeddable":true,"href":"https:\/\/feelvianastore.com\/en\/wp-json\/wp\/v2\/product_cat?post=23378"},{"taxonomy":"product_tag","embeddable":true,"href":"https:\/\/feelvianastore.com\/en\/wp-json\/wp\/v2\/product_tag?post=23378"}],"curies":[{"name":"wp","href":"https:\/\/api.w.org\/{rel}","templated":true}]}}