{"id":23369,"date":"2025-04-05T14:26:03","date_gmt":"2025-04-05T13:26:03","guid":{"rendered":"https:\/\/feelvianastore.com\/?post_type=product&#038;p=23369"},"modified":"2025-04-05T14:29:31","modified_gmt":"2025-04-05T13:29:31","slug":"scott-voltage-eride-910","status":"publish","type":"product","link":"https:\/\/feelvianastore.com\/en\/produto\/scott-voltage-eride-910\/","title":{"rendered":"Scott Voltage Eride 910"},"content":{"rendered":"<p>Conhe\u00e7a a Bicicleta El\u00e9trica SCOTT Voltage eRIDE 910 tem Quadro em Carbono HMF, Suspens\u00e3o FOX 36 Float Rhythm e um motor compacto e silencioso.<\/p>\n<p><b>Principais Caracter\u00edsticas:<\/b><br \/>\nQuadro Voltage eRIDE em carbono HMF<br \/>\nSuspens\u00e3o FOX 36 Float Rhythm 160 mm<br \/>\nFOX Nude 6T EVOL, TwinLoc, 120 mm<br \/>\nShimano XT-Deore de 12 velocidades<br \/>\nTrav\u00f5es de disco Shimano Deore de 4 Pistons<br \/>\nPneus Maxxis com Flancos Dobr\u00e1veis<\/p>\n","protected":false},"excerpt":{"rendered":"<p>Conhe\u00e7a a Bicicleta El\u00e9trica SCOTT Voltage eRIDE 910 tem Quadro em Carbono HMF, Suspens\u00e3o FOX 36 Float Rhythm e um motor compacto e silencioso. Principais Caracter\u00edsticas: Quadro Voltage eRIDE em carbono HMF Suspens\u00e3o FOX 36 Float Rhythm 160 mm FOX Nude 6T EVOL, TwinLoc, 120 mm Shimano XT-Deore de 12 velocidades Trav\u00f5es de disco Shimano [&hellip;]<\/p>\n","protected":false},"featured_media":23365,"template":"","meta":[],"product_cat":[337,352,354],"product_tag":[1126],"class_list":{"0":"post-23369","1":"product","2":"type-product","3":"status-publish","4":"has-post-thumbnail","6":"product_cat-bike-en","7":"product_cat-ebikes-bike-en","8":"product_cat-mountain-ebike-bike-en","9":"product_tag-semi-new","10":"product_shipping_class-grupo-3-en","12":"first","13":"instock","14":"sale","15":"taxable","16":"shipping-taxable","17":"purchasable","18":"product-type-variable"},"_links":{"self":[{"href":"https:\/\/feelvianastore.com\/en\/wp-json\/wp\/v2\/product\/23369","targetHints":{"allow":["GET"]}}],"collection":[{"href":"https:\/\/feelvianastore.com\/en\/wp-json\/wp\/v2\/product"}],"about":[{"href":"https:\/\/feelvianastore.com\/en\/wp-json\/wp\/v2\/types\/product"}],"version-history":[{"count":2,"href":"https:\/\/feelvianastore.com\/en\/wp-json\/wp\/v2\/product\/23369\/revisions"}],"predecessor-version":[{"id":23372,"href":"https:\/\/feelvianastore.com\/en\/wp-json\/wp\/v2\/product\/23369\/revisions\/23372"}],"wp:featuredmedia":[{"embeddable":true,"href":"https:\/\/feelvianastore.com\/en\/wp-json\/wp\/v2\/media\/23365"}],"wp:attachment":[{"href":"https:\/\/feelvianastore.com\/en\/wp-json\/wp\/v2\/media?parent=23369"}],"wp:term":[{"taxonomy":"product_cat","embeddable":true,"href":"https:\/\/feelvianastore.com\/en\/wp-json\/wp\/v2\/product_cat?post=23369"},{"taxonomy":"product_tag","embeddable":true,"href":"https:\/\/feelvianastore.com\/en\/wp-json\/wp\/v2\/product_tag?post=23369"}],"curies":[{"name":"wp","href":"https:\/\/api.w.org\/{rel}","templated":true}]}}