{"id":23360,"date":"2025-04-05T14:01:50","date_gmt":"2025-04-05T13:01:50","guid":{"rendered":"https:\/\/feelvianastore.com\/?post_type=product&#038;p=23360"},"modified":"2025-04-05T14:03:16","modified_gmt":"2025-04-05T13:03:16","slug":"scott-voltage-eride-920","status":"publish","type":"product","link":"https:\/\/feelvianastore.com\/en\/produto\/scott-voltage-eride-920\/","title":{"rendered":"Scott Voltage Eride 920"},"content":{"rendered":"<p>Descubra a Bicicleta El\u00e9trica SCOTT Voltage eRIDE 920 tem Quadro em Carbono HMF, Trav\u00f5es de disco SRAM DB8 e um motor compacto e silencioso.<\/p>\n<p><b>Principais Caracter\u00edsticas:<\/b><br \/>\nQuadro Voltage eRIDE em carbono HMF<br \/>\nSuspens\u00e3o Marzocchi Z2 Air 150mm<br \/>\nFOX Float Custom, 150 mm, TwinLoc<br \/>\nShimano XT-Deore de 12 velocidades<br \/>\nTrav\u00f5es de disco SRAM DB8 de 4 pist\u00f5es<br \/>\nPneus Maxxis<\/p>\n","protected":false},"excerpt":{"rendered":"<p>Descubra a Bicicleta El\u00e9trica SCOTT Voltage eRIDE 920 tem Quadro em Carbono HMF, Trav\u00f5es de disco SRAM DB8 e um motor compacto e silencioso. Principais Caracter\u00edsticas: Quadro Voltage eRIDE em carbono HMF Suspens\u00e3o Marzocchi Z2 Air 150mm FOX Float Custom, 150 mm, TwinLoc Shimano XT-Deore de 12 velocidades Trav\u00f5es de disco SRAM DB8 de 4 [&hellip;]<\/p>\n","protected":false},"featured_media":23358,"template":"","meta":[],"product_cat":[337,352,354],"product_tag":[1126],"class_list":{"0":"post-23360","1":"product","2":"type-product","3":"status-publish","4":"has-post-thumbnail","6":"product_cat-bike-en","7":"product_cat-ebikes-bike-en","8":"product_cat-mountain-ebike-bike-en","9":"product_tag-semi-new","10":"product_shipping_class-grupo-3-en","12":"first","13":"outofstock","14":"taxable","15":"shipping-taxable","16":"product-type-variable"},"_links":{"self":[{"href":"https:\/\/feelvianastore.com\/en\/wp-json\/wp\/v2\/product\/23360","targetHints":{"allow":["GET"]}}],"collection":[{"href":"https:\/\/feelvianastore.com\/en\/wp-json\/wp\/v2\/product"}],"about":[{"href":"https:\/\/feelvianastore.com\/en\/wp-json\/wp\/v2\/types\/product"}],"version-history":[{"count":1,"href":"https:\/\/feelvianastore.com\/en\/wp-json\/wp\/v2\/product\/23360\/revisions"}],"predecessor-version":[{"id":23361,"href":"https:\/\/feelvianastore.com\/en\/wp-json\/wp\/v2\/product\/23360\/revisions\/23361"}],"wp:featuredmedia":[{"embeddable":true,"href":"https:\/\/feelvianastore.com\/en\/wp-json\/wp\/v2\/media\/23358"}],"wp:attachment":[{"href":"https:\/\/feelvianastore.com\/en\/wp-json\/wp\/v2\/media?parent=23360"}],"wp:term":[{"taxonomy":"product_cat","embeddable":true,"href":"https:\/\/feelvianastore.com\/en\/wp-json\/wp\/v2\/product_cat?post=23360"},{"taxonomy":"product_tag","embeddable":true,"href":"https:\/\/feelvianastore.com\/en\/wp-json\/wp\/v2\/product_tag?post=23360"}],"curies":[{"name":"wp","href":"https:\/\/api.w.org\/{rel}","templated":true}]}}