{"id":21945,"date":"2024-07-15T16:01:57","date_gmt":"2024-07-15T15:01:57","guid":{"rendered":"https:\/\/feelvianastore.com\/?post_type=product&#038;p=21945"},"modified":"2024-07-15T16:06:23","modified_gmt":"2024-07-15T15:06:23","slug":"scale-rc-160","status":"publish","type":"product","link":"https:\/\/feelvianastore.com\/en\/produto\/scale-rc-160\/","title":{"rendered":"Scale Rc 160"},"content":{"rendered":"","protected":false},"excerpt":{"rendered":"<p>A SCOTT Scale RC 160 \u00e9 uma polivalente bicicleta de montanha para crian\u00e7a. O seu quadro compacto em conjunto com rodas de 16&#8243; e componentes especificamente desenvolvidos para crian\u00e7as oferecem aos mais pequenos uma estabilidade e condu\u00e7\u00e3o suave para que consigam conquistar todos os trilhos.<\/p>\n","protected":false},"featured_media":21942,"template":"","meta":[],"product_cat":[337,788,349],"product_tag":[],"class_list":{"0":"post-21945","1":"product","2":"type-product","3":"status-publish","4":"has-post-thumbnail","6":"product_cat-bike-en","7":"product_cat-bikes-en","8":"product_cat-kids-bikes-en","9":"product_shipping_class-grupo-2-en","10":"pa_marca-scott-en","12":"first","13":"outofstock","14":"sale","15":"taxable","16":"shipping-taxable","17":"purchasable","18":"product-type-simple"},"_links":{"self":[{"href":"https:\/\/feelvianastore.com\/en\/wp-json\/wp\/v2\/product\/21945","targetHints":{"allow":["GET"]}}],"collection":[{"href":"https:\/\/feelvianastore.com\/en\/wp-json\/wp\/v2\/product"}],"about":[{"href":"https:\/\/feelvianastore.com\/en\/wp-json\/wp\/v2\/types\/product"}],"version-history":[{"count":1,"href":"https:\/\/feelvianastore.com\/en\/wp-json\/wp\/v2\/product\/21945\/revisions"}],"predecessor-version":[{"id":21946,"href":"https:\/\/feelvianastore.com\/en\/wp-json\/wp\/v2\/product\/21945\/revisions\/21946"}],"wp:featuredmedia":[{"embeddable":true,"href":"https:\/\/feelvianastore.com\/en\/wp-json\/wp\/v2\/media\/21942"}],"wp:attachment":[{"href":"https:\/\/feelvianastore.com\/en\/wp-json\/wp\/v2\/media?parent=21945"}],"wp:term":[{"taxonomy":"product_cat","embeddable":true,"href":"https:\/\/feelvianastore.com\/en\/wp-json\/wp\/v2\/product_cat?post=21945"},{"taxonomy":"product_tag","embeddable":true,"href":"https:\/\/feelvianastore.com\/en\/wp-json\/wp\/v2\/product_tag?post=21945"}],"curies":[{"name":"wp","href":"https:\/\/api.w.org\/{rel}","templated":true}]}}