{"id":21931,"date":"2024-07-15T15:49:55","date_gmt":"2024-07-15T14:49:55","guid":{"rendered":"https:\/\/feelvianastore.com\/?post_type=product&#038;p=21931"},"modified":"2024-07-15T15:52:56","modified_gmt":"2024-07-15T14:52:56","slug":"scale-965-green-copia-2","status":"publish","type":"product","link":"https:\/\/feelvianastore.com\/en\/produto\/scale-965-green-copia-2\/","title":{"rendered":"Scale 965 Green"},"content":{"rendered":"<ul class=\"key-features\">\n<li>Scale Alloy 6061 Frame<\/li>\n<li>RockShox Judy 100mm Fork Maxel<\/li>\n<li>RideLoc 2 Remote<\/li>\n<li>Shimano SLX-Deore 12 Speed<\/li>\n<li>Shimano Disc Brakes<\/li>\n<li>Maxxis Rekon Race Tires<\/li>\n<\/ul>\n","protected":false},"excerpt":{"rendered":"<p>Equilibrando o DNA da Scale, criamos uma ra\u00e7a totalmente nova no mundo das mountain bikes hardtail. Uma geometria inspirada nas corridas, juntamente com um design direto e preciso, confere \u00e0 nova linha Scale 900 seu car\u00e1ter distinto e visual agressivo &#8211; uma bicicleta que exibe com orgulho suas caracter\u00edsticas definitivas. Este equipamento est\u00e1 pronto para praticamente qualquer coisa, e voc\u00ea?<\/p>\n","protected":false},"featured_media":19798,"template":"","meta":[],"product_cat":[337,788,804],"product_tag":[],"class_list":{"0":"post-21931","1":"product","2":"type-product","3":"status-publish","4":"has-post-thumbnail","6":"product_cat-bike-en","7":"product_cat-bikes-en","8":"product_cat-mountain-bikes-en","9":"product_shipping_class-grupo-3-en","10":"pa_marca-scott-en","12":"first","13":"outofstock","14":"sale","15":"taxable","16":"shipping-taxable","17":"purchasable","18":"product-type-simple"},"_links":{"self":[{"href":"https:\/\/feelvianastore.com\/en\/wp-json\/wp\/v2\/product\/21931","targetHints":{"allow":["GET"]}}],"collection":[{"href":"https:\/\/feelvianastore.com\/en\/wp-json\/wp\/v2\/product"}],"about":[{"href":"https:\/\/feelvianastore.com\/en\/wp-json\/wp\/v2\/types\/product"}],"version-history":[{"count":1,"href":"https:\/\/feelvianastore.com\/en\/wp-json\/wp\/v2\/product\/21931\/revisions"}],"predecessor-version":[{"id":21933,"href":"https:\/\/feelvianastore.com\/en\/wp-json\/wp\/v2\/product\/21931\/revisions\/21933"}],"wp:featuredmedia":[{"embeddable":true,"href":"https:\/\/feelvianastore.com\/en\/wp-json\/wp\/v2\/media\/19798"}],"wp:attachment":[{"href":"https:\/\/feelvianastore.com\/en\/wp-json\/wp\/v2\/media?parent=21931"}],"wp:term":[{"taxonomy":"product_cat","embeddable":true,"href":"https:\/\/feelvianastore.com\/en\/wp-json\/wp\/v2\/product_cat?post=21931"},{"taxonomy":"product_tag","embeddable":true,"href":"https:\/\/feelvianastore.com\/en\/wp-json\/wp\/v2\/product_tag?post=21931"}],"curies":[{"name":"wp","href":"https:\/\/api.w.org\/{rel}","templated":true}]}}