{"id":21926,"date":"2024-07-15T15:36:42","date_gmt":"2024-07-15T14:36:42","guid":{"rendered":"https:\/\/feelvianastore.com\/?post_type=product&#038;p=21926"},"modified":"2024-12-01T16:20:57","modified_gmt":"2024-12-01T16:20:57","slug":"roxter-20-silver","status":"publish","type":"product","link":"https:\/\/feelvianastore.com\/en\/produto\/roxter-20-silver\/","title":{"rendered":"Roxter 20 Silver"},"content":{"rendered":"","protected":false},"excerpt":{"rendered":"<p>Com a SCOTT Roxter 20 s\u00f3 vais pensar em sair de casa para andar de bicicleta. Terminem os vossos trabalhos de casa, os trilhos est\u00e3o a chamar por voc\u00eas!<\/p>\n","protected":false},"featured_media":21923,"template":"","meta":[],"product_cat":[337,788,349],"product_tag":[],"class_list":{"0":"post-21926","1":"product","2":"type-product","3":"status-publish","4":"has-post-thumbnail","6":"product_cat-bike-en","7":"product_cat-bikes-en","8":"product_cat-kids-bikes-en","9":"product_shipping_class-grupo-2-en","10":"pa_marca-scott-en","12":"first","13":"outofstock","14":"sale","15":"taxable","16":"shipping-taxable","17":"purchasable","18":"product-type-simple"},"_links":{"self":[{"href":"https:\/\/feelvianastore.com\/en\/wp-json\/wp\/v2\/product\/21926","targetHints":{"allow":["GET"]}}],"collection":[{"href":"https:\/\/feelvianastore.com\/en\/wp-json\/wp\/v2\/product"}],"about":[{"href":"https:\/\/feelvianastore.com\/en\/wp-json\/wp\/v2\/types\/product"}],"version-history":[{"count":1,"href":"https:\/\/feelvianastore.com\/en\/wp-json\/wp\/v2\/product\/21926\/revisions"}],"predecessor-version":[{"id":21927,"href":"https:\/\/feelvianastore.com\/en\/wp-json\/wp\/v2\/product\/21926\/revisions\/21927"}],"wp:featuredmedia":[{"embeddable":true,"href":"https:\/\/feelvianastore.com\/en\/wp-json\/wp\/v2\/media\/21923"}],"wp:attachment":[{"href":"https:\/\/feelvianastore.com\/en\/wp-json\/wp\/v2\/media?parent=21926"}],"wp:term":[{"taxonomy":"product_cat","embeddable":true,"href":"https:\/\/feelvianastore.com\/en\/wp-json\/wp\/v2\/product_cat?post=21926"},{"taxonomy":"product_tag","embeddable":true,"href":"https:\/\/feelvianastore.com\/en\/wp-json\/wp\/v2\/product_tag?post=21926"}],"curies":[{"name":"wp","href":"https:\/\/api.w.org\/{rel}","templated":true}]}}