{"id":20812,"date":"2023-11-16T15:28:01","date_gmt":"2023-11-16T15:28:01","guid":{"rendered":"https:\/\/feelvianastore.com\/?post_type=product&#038;p=20812"},"modified":"2023-11-16T15:28:49","modified_gmt":"2023-11-16T15:28:49","slug":"speedster","status":"publish","type":"product","link":"https:\/\/feelvianastore.com\/en\/produto\/speedster\/","title":{"rendered":"Speedster"},"content":{"rendered":"<p><b>handling and performance<\/b><\/p>\n<p>Combination of a narrow sleeve without cambers and race inspired luff curves.\u00a0<\/p>\n<p><b>power and stability<\/b><\/p>\n<p>The tubular battens configuration allows the center of effort to remain in place and reduce the weight while giving optimum profile shape and stability.<\/p>\n<p><b>speed and acceleration<\/b><\/p>\n<p>Battens are laid out angled up from the mast and, as a result, they end up laying horizontal and parallel to the airflow when sailing, which helps cleaning the airflow along the sail body and reduces drag.<\/p>\n","protected":false},"excerpt":{"rendered":"<p><span class=\"Y2IQFc\" lang=\"pt\">Com as suas origens na RS:RACING EVO11, a SPEEDSTER \u00e9 uma vela Freeride de desempenho explosivo. Mais f\u00e1cil de usar do que uma vela curvada, esta vela da NeilPryde \u00e9 mais equilibrada, oferece maior desempenho e alcance do vento do que uma vela cl\u00e1ssica de freeride. Ela oferece uma combina\u00e7\u00e3o emocionante de desempenho, velocidade e acelera\u00e7\u00e3o. Slalom sem curvaturas.<\/span><\/p>\n","protected":false},"featured_media":19700,"template":"","meta":[],"product_cat":[389,365,383],"product_tag":[441,442],"class_list":{"0":"post-20812","1":"product","2":"type-product","3":"status-publish","4":"has-post-thumbnail","6":"product_cat-sails-windsurf-watersports-en","7":"product_cat-watersports-en","8":"product_cat-windsurf-watersports-en","9":"product_tag-outlet-en","10":"product_tag-used-en","11":"product_shipping_class-grupo-3-en","12":"pa_marca-neilpryde-en","14":"first","15":"outofstock","16":"sale","17":"taxable","18":"shipping-taxable","19":"purchasable","20":"product-type-simple"},"_links":{"self":[{"href":"https:\/\/feelvianastore.com\/en\/wp-json\/wp\/v2\/product\/20812","targetHints":{"allow":["GET"]}}],"collection":[{"href":"https:\/\/feelvianastore.com\/en\/wp-json\/wp\/v2\/product"}],"about":[{"href":"https:\/\/feelvianastore.com\/en\/wp-json\/wp\/v2\/types\/product"}],"version-history":[{"count":1,"href":"https:\/\/feelvianastore.com\/en\/wp-json\/wp\/v2\/product\/20812\/revisions"}],"predecessor-version":[{"id":20813,"href":"https:\/\/feelvianastore.com\/en\/wp-json\/wp\/v2\/product\/20812\/revisions\/20813"}],"wp:featuredmedia":[{"embeddable":true,"href":"https:\/\/feelvianastore.com\/en\/wp-json\/wp\/v2\/media\/19700"}],"wp:attachment":[{"href":"https:\/\/feelvianastore.com\/en\/wp-json\/wp\/v2\/media?parent=20812"}],"wp:term":[{"taxonomy":"product_cat","embeddable":true,"href":"https:\/\/feelvianastore.com\/en\/wp-json\/wp\/v2\/product_cat?post=20812"},{"taxonomy":"product_tag","embeddable":true,"href":"https:\/\/feelvianastore.com\/en\/wp-json\/wp\/v2\/product_tag?post=20812"}],"curies":[{"name":"wp","href":"https:\/\/api.w.org\/{rel}","templated":true}]}}