{"id":19807,"date":"2023-07-29T12:03:20","date_gmt":"2023-07-29T11:03:20","guid":{"rendered":"https:\/\/feelvianastore.com\/?post_type=product&#038;p=19807"},"modified":"2023-07-29T12:22:17","modified_gmt":"2023-07-29T11:22:17","slug":"foil-rc-20","status":"publish","type":"product","link":"https:\/\/feelvianastore.com\/en\/produto\/foil-rc-20\/","title":{"rendered":"Foil Rc 20"},"content":{"rendered":"","protected":false},"excerpt":{"rendered":"<p>Aerodn\u00e2mica, Leveza ou Conforto \u2013 escolhe os tr\u00eas. Apresentamos-lhe a pr\u00f3xima gera\u00e7\u00e3o de bicicletas aero com a nova Foil RC. Desenvolvida para satisfazer as necessidades dos sprinters da WorldTour e dos amantes de grandes velocidades, esta \u00e9 a bicicleta de estrada SCOTT mais r\u00e1pida de sempre. Vence Qualquer Etapa.<\/p>\n","protected":false},"featured_media":19804,"template":"","meta":[],"product_cat":[337,788,353],"product_tag":[],"class_list":{"0":"post-19807","1":"product","2":"type-product","3":"status-publish","4":"has-post-thumbnail","6":"product_cat-bike-en","7":"product_cat-bikes-en","8":"product_cat-road-bikes-en","9":"product_shipping_class-grupo-3-en","10":"pa_marca-scott-en","12":"first","13":"outofstock","14":"sale","15":"taxable","16":"shipping-taxable","17":"purchasable","18":"product-type-simple"},"_links":{"self":[{"href":"https:\/\/feelvianastore.com\/en\/wp-json\/wp\/v2\/product\/19807","targetHints":{"allow":["GET"]}}],"collection":[{"href":"https:\/\/feelvianastore.com\/en\/wp-json\/wp\/v2\/product"}],"about":[{"href":"https:\/\/feelvianastore.com\/en\/wp-json\/wp\/v2\/types\/product"}],"version-history":[{"count":3,"href":"https:\/\/feelvianastore.com\/en\/wp-json\/wp\/v2\/product\/19807\/revisions"}],"predecessor-version":[{"id":19810,"href":"https:\/\/feelvianastore.com\/en\/wp-json\/wp\/v2\/product\/19807\/revisions\/19810"}],"wp:featuredmedia":[{"embeddable":true,"href":"https:\/\/feelvianastore.com\/en\/wp-json\/wp\/v2\/media\/19804"}],"wp:attachment":[{"href":"https:\/\/feelvianastore.com\/en\/wp-json\/wp\/v2\/media?parent=19807"}],"wp:term":[{"taxonomy":"product_cat","embeddable":true,"href":"https:\/\/feelvianastore.com\/en\/wp-json\/wp\/v2\/product_cat?post=19807"},{"taxonomy":"product_tag","embeddable":true,"href":"https:\/\/feelvianastore.com\/en\/wp-json\/wp\/v2\/product_tag?post=19807"}],"curies":[{"name":"wp","href":"https:\/\/api.w.org\/{rel}","templated":true}]}}