{"id":19767,"date":"2023-07-21T17:08:49","date_gmt":"2023-07-21T16:08:49","guid":{"rendered":"https:\/\/feelvianastore.com\/?post_type=product&#038;p=19767"},"modified":"2023-07-21T17:15:01","modified_gmt":"2023-07-21T16:15:01","slug":"scott-roxter-26-disc-2","status":"publish","type":"product","link":"https:\/\/feelvianastore.com\/en\/produto\/scott-roxter-26-disc-2\/","title":{"rendered":"Scott Roxter 26 Disc"},"content":{"rendered":"<ul class=\"key-features\">\n<li>Crian\u00e7as a partir de 135 cm<\/li>\n<li>Rodas de 26\u201d<\/li>\n<li>13,2 kg\/29,1\u00a0lb<\/li>\n<li>Bicicleta vers\u00e1til para trilhos e cidade<\/li>\n<li>Trav\u00f5es de disco hidr\u00e1ulicos para uma paragem mais f\u00e1cil<\/li>\n<li>Equipado com 16 velocidades<\/li>\n<li>Crian\u00e7as a partir de 135 cm<\/li>\n<li>Enfants \u00e0 partir de 135\u00a0cm<\/li>\n<\/ul>\n","protected":false},"excerpt":{"rendered":"<p>Para ires para a escola ou para competires com os teus amigos, a SCOTT Roxter 26 Disc \u00e9 a escolha perfeita para ti. Uma suspens\u00e3o ideal para saltares, trav\u00f5es de disco e um fi\u00e1vel sistema de transmiss\u00e3o Shimano fazem com que a Roxter tenha tudo o que precisas para te divertires durante todo o dia.<\/p>\n","protected":false},"featured_media":19765,"template":"","meta":[],"product_cat":[337,788,349],"product_tag":[441,442],"class_list":{"0":"post-19767","1":"product","2":"type-product","3":"status-publish","4":"has-post-thumbnail","6":"product_cat-bike-en","7":"product_cat-bikes-en","8":"product_cat-kids-bikes-en","9":"product_tag-outlet-en","10":"product_tag-used-en","11":"product_shipping_class-grupo-3-en","12":"pa_marca-scott-en","14":"first","15":"outofstock","16":"sale","17":"taxable","18":"shipping-taxable","19":"purchasable","20":"product-type-simple"},"_links":{"self":[{"href":"https:\/\/feelvianastore.com\/en\/wp-json\/wp\/v2\/product\/19767","targetHints":{"allow":["GET"]}}],"collection":[{"href":"https:\/\/feelvianastore.com\/en\/wp-json\/wp\/v2\/product"}],"about":[{"href":"https:\/\/feelvianastore.com\/en\/wp-json\/wp\/v2\/types\/product"}],"version-history":[{"count":2,"href":"https:\/\/feelvianastore.com\/en\/wp-json\/wp\/v2\/product\/19767\/revisions"}],"predecessor-version":[{"id":19769,"href":"https:\/\/feelvianastore.com\/en\/wp-json\/wp\/v2\/product\/19767\/revisions\/19769"}],"wp:featuredmedia":[{"embeddable":true,"href":"https:\/\/feelvianastore.com\/en\/wp-json\/wp\/v2\/media\/19765"}],"wp:attachment":[{"href":"https:\/\/feelvianastore.com\/en\/wp-json\/wp\/v2\/media?parent=19767"}],"wp:term":[{"taxonomy":"product_cat","embeddable":true,"href":"https:\/\/feelvianastore.com\/en\/wp-json\/wp\/v2\/product_cat?post=19767"},{"taxonomy":"product_tag","embeddable":true,"href":"https:\/\/feelvianastore.com\/en\/wp-json\/wp\/v2\/product_tag?post=19767"}],"curies":[{"name":"wp","href":"https:\/\/api.w.org\/{rel}","templated":true}]}}