{"id":19601,"date":"2023-07-17T17:02:57","date_gmt":"2023-07-17T16:02:57","guid":{"rendered":"https:\/\/feelvianastore.com\/?post_type=product&#038;p=19601"},"modified":"2023-07-17T17:08:21","modified_gmt":"2023-07-17T16:08:21","slug":"contessa-walker-2022","status":"publish","type":"product","link":"https:\/\/feelvianastore.com\/en\/produto\/contessa-walker-2022\/","title":{"rendered":"Contessa Walker 2022"},"content":{"rendered":"","protected":false},"excerpt":{"rendered":"<p>A SCOTT Contessa Walker foi pensada para desenvolver o equil\u00edbrio das crian\u00e7as que come\u00e7am a andar de bicicleta.<\/p>\n<p>Mais info: e-commerce@feelviana.com<\/p>\n","protected":false},"featured_media":19599,"template":"","meta":[],"product_cat":[337,349],"product_tag":[],"class_list":{"0":"post-19601","1":"product","2":"type-product","3":"status-publish","4":"has-post-thumbnail","6":"product_cat-bike-en","7":"product_cat-kids-bikes-en","8":"product_shipping_class-grupo-2-en","9":"pa_marca-scott-en","11":"first","12":"outofstock","13":"sale","14":"taxable","15":"shipping-taxable","16":"purchasable","17":"product-type-simple"},"_links":{"self":[{"href":"https:\/\/feelvianastore.com\/en\/wp-json\/wp\/v2\/product\/19601","targetHints":{"allow":["GET"]}}],"collection":[{"href":"https:\/\/feelvianastore.com\/en\/wp-json\/wp\/v2\/product"}],"about":[{"href":"https:\/\/feelvianastore.com\/en\/wp-json\/wp\/v2\/types\/product"}],"version-history":[{"count":3,"href":"https:\/\/feelvianastore.com\/en\/wp-json\/wp\/v2\/product\/19601\/revisions"}],"predecessor-version":[{"id":19604,"href":"https:\/\/feelvianastore.com\/en\/wp-json\/wp\/v2\/product\/19601\/revisions\/19604"}],"wp:featuredmedia":[{"embeddable":true,"href":"https:\/\/feelvianastore.com\/en\/wp-json\/wp\/v2\/media\/19599"}],"wp:attachment":[{"href":"https:\/\/feelvianastore.com\/en\/wp-json\/wp\/v2\/media?parent=19601"}],"wp:term":[{"taxonomy":"product_cat","embeddable":true,"href":"https:\/\/feelvianastore.com\/en\/wp-json\/wp\/v2\/product_cat?post=19601"},{"taxonomy":"product_tag","embeddable":true,"href":"https:\/\/feelvianastore.com\/en\/wp-json\/wp\/v2\/product_tag?post=19601"}],"curies":[{"name":"wp","href":"https:\/\/api.w.org\/{rel}","templated":true}]}}