{"id":19595,"date":"2022-11-29T17:08:21","date_gmt":"2022-11-29T17:08:21","guid":{"rendered":"https:\/\/feelvianastore.com\/?post_type=product&#038;p=19595"},"modified":"2023-07-24T17:54:51","modified_gmt":"2023-07-24T16:54:51","slug":"spectrum-2021","status":"publish","type":"product","link":"https:\/\/feelvianastore.com\/en\/produto\/spectrum-2021\/","title":{"rendered":"Spectrum 2021"},"content":{"rendered":"<ul>\n<li>Rocker and flex is designed for the widest range of conditions and riding styles<\/li>\n<li>Excellent upwind tracking<\/li>\n<li>Soft landings<\/li>\n<li>Excels in choppy water<\/li>\n<li>Smooth and predictable board control<\/li>\n<li>Single concave bottom<\/li>\n<li>Large fins for grip<\/li>\n<\/ul>\n","protected":false},"excerpt":{"rendered":"<p>A Cabrinha Spectrum continua a ganhar for\u00e7a e status de estrela dentro da Cabrinha. Nenhuma outra prancha combina facilidade de uso e caracter\u00edsticas de condu\u00e7\u00e3o como esta. A Spectrum tem um incr\u00edvel rastreamento contra o vento, enquanto o padr\u00e3o flex\u00edvel mais suave transforma a \u00e1gua agitada num passeio suave. Sejam quais forem as condi\u00e7\u00f5es presentes, a versatilidade da prancha vai lhe dar confian\u00e7a para sair e executar.<\/p>\n<p><strong>Artigo usado<\/strong>, proveniente do nosso watercenter. N\u00e3o vendemos artigos de terceiros. Se necessitares de mais detalhes sobre os artigos usados, contacta-nos atrav\u00e9s do email <a href=\"mailto:store@feelviana.com\">store@feelviana.com<\/a>.<\/p>\n","protected":false},"featured_media":19593,"template":"","meta":[],"product_cat":[372,367,365],"product_tag":[441,442],"class_list":{"0":"post-19595","1":"product","2":"type-product","3":"status-publish","4":"has-post-thumbnail","6":"product_cat-boards-kitesurf-watersports-en","7":"product_cat-kitesurf-watersports-en","8":"product_cat-watersports-en","9":"product_tag-outlet-en","10":"product_tag-used-en","11":"product_shipping_class-grupo-2-en","12":"pa_marca-cabrinha-en","14":"first","15":"outofstock","16":"sale","17":"taxable","18":"shipping-taxable","19":"purchasable","20":"product-type-simple"},"_links":{"self":[{"href":"https:\/\/feelvianastore.com\/en\/wp-json\/wp\/v2\/product\/19595","targetHints":{"allow":["GET"]}}],"collection":[{"href":"https:\/\/feelvianastore.com\/en\/wp-json\/wp\/v2\/product"}],"about":[{"href":"https:\/\/feelvianastore.com\/en\/wp-json\/wp\/v2\/types\/product"}],"version-history":[{"count":2,"href":"https:\/\/feelvianastore.com\/en\/wp-json\/wp\/v2\/product\/19595\/revisions"}],"predecessor-version":[{"id":19597,"href":"https:\/\/feelvianastore.com\/en\/wp-json\/wp\/v2\/product\/19595\/revisions\/19597"}],"wp:featuredmedia":[{"embeddable":true,"href":"https:\/\/feelvianastore.com\/en\/wp-json\/wp\/v2\/media\/19593"}],"wp:attachment":[{"href":"https:\/\/feelvianastore.com\/en\/wp-json\/wp\/v2\/media?parent=19595"}],"wp:term":[{"taxonomy":"product_cat","embeddable":true,"href":"https:\/\/feelvianastore.com\/en\/wp-json\/wp\/v2\/product_cat?post=19595"},{"taxonomy":"product_tag","embeddable":true,"href":"https:\/\/feelvianastore.com\/en\/wp-json\/wp\/v2\/product_tag?post=19595"}],"curies":[{"name":"wp","href":"https:\/\/api.w.org\/{rel}","templated":true}]}}