{"id":18612,"date":"2022-12-29T17:23:17","date_gmt":"2022-12-29T17:23:17","guid":{"rendered":"https:\/\/feelvianastore.com\/?post_type=product&#038;p=18612"},"modified":"2022-12-29T17:25:00","modified_gmt":"2022-12-29T17:25:00","slug":"moto-2022","status":"publish","type":"product","link":"https:\/\/feelvianastore.com\/en\/produto\/moto-2022\/","title":{"rendered":"Moto  2022"},"content":{"rendered":"<ul>\n<li>Heavy duty closing seam construction<\/li>\n<li>Nano Ripstop Canopy, the benchmark in durability, stability and responsiveness<\/li>\n<li>Pure Arc Segments &#8211; Increased LE segments for smooth high definition aerodynamic arc<\/li>\n<li>Pure profile panels for efficient aerodynamics<\/li>\n<li>Strategic canopy reinforcements in the high stress areas<\/li>\n<li>High Tenacity Dacron for enhanced arc stability and improved handling characteristics<\/li>\n<li>Excellent for freeride, surf, freestyle and foiling<\/li>\n<li>Direct and responsive steering input and feedback<\/li>\n<li>Light bar pressure and fast steering<\/li>\n<li>3-strut lightweight design<\/li>\n<\/ul>\n","protected":false},"excerpt":{"rendered":"<p>N\u00e3o importa quais sejam as condi\u00e7\u00f5es ou o estilo, o Moto tem algo para todos os riders.<\/p>\n<p>O kite mais vers\u00e1til da gama da Cabrinha, o Moto proporciona um controlo leve e uma resposta imediata atrav\u00e9s da sua mistura \u00fanica de Segmentos de Arco Puro e Segmentos de Perfil Puro. Isto proporciona o formato de arco mais suave e limpo do mercado e um fluxo de ar incrivelmente limpo.<\/p>\n<p><strong>Artigo usado<\/strong>, proveniente do nosso watercenter. N\u00e3o vendemos artigos de terceiros. Se necessitares de mais detalhes sobre os artigos usados, contacta-nos atrav\u00e9s do email store@feelviana.com.<\/p>\n","protected":false},"featured_media":13116,"template":"","meta":[],"product_cat":[371,367,365],"product_tag":[],"class_list":{"0":"post-18612","1":"product","2":"type-product","3":"status-publish","4":"has-post-thumbnail","6":"product_cat-kites-kitesurf-watersports-en","7":"product_cat-kitesurf-watersports-en","8":"product_cat-watersports-en","9":"product_shipping_class-grupo-2-en","10":"pa_marca-cabrinha-en","12":"first","13":"outofstock","14":"sale","15":"taxable","16":"shipping-taxable","17":"purchasable","18":"product-type-simple"},"_links":{"self":[{"href":"https:\/\/feelvianastore.com\/en\/wp-json\/wp\/v2\/product\/18612","targetHints":{"allow":["GET"]}}],"collection":[{"href":"https:\/\/feelvianastore.com\/en\/wp-json\/wp\/v2\/product"}],"about":[{"href":"https:\/\/feelvianastore.com\/en\/wp-json\/wp\/v2\/types\/product"}],"version-history":[{"count":2,"href":"https:\/\/feelvianastore.com\/en\/wp-json\/wp\/v2\/product\/18612\/revisions"}],"predecessor-version":[{"id":18614,"href":"https:\/\/feelvianastore.com\/en\/wp-json\/wp\/v2\/product\/18612\/revisions\/18614"}],"wp:featuredmedia":[{"embeddable":true,"href":"https:\/\/feelvianastore.com\/en\/wp-json\/wp\/v2\/media\/13116"}],"wp:attachment":[{"href":"https:\/\/feelvianastore.com\/en\/wp-json\/wp\/v2\/media?parent=18612"}],"wp:term":[{"taxonomy":"product_cat","embeddable":true,"href":"https:\/\/feelvianastore.com\/en\/wp-json\/wp\/v2\/product_cat?post=18612"},{"taxonomy":"product_tag","embeddable":true,"href":"https:\/\/feelvianastore.com\/en\/wp-json\/wp\/v2\/product_tag?post=18612"}],"curies":[{"name":"wp","href":"https:\/\/api.w.org\/{rel}","templated":true}]}}