{"id":18599,"date":"2022-12-29T16:48:08","date_gmt":"2022-12-29T16:48:08","guid":{"rendered":"https:\/\/feelvianastore.com\/?post_type=product&#038;p=18599"},"modified":"2022-12-29T16:50:33","modified_gmt":"2022-12-29T16:50:33","slug":"contra-3s-2021","status":"publish","type":"product","link":"https:\/\/feelvianastore.com\/en\/produto\/contra-3s-2021\/","title":{"rendered":"Contra 3s 2021"},"content":{"rendered":"<ul>\n<li>Heavy duty closing seam construction<\/li>\n<li>Nano Ripstop Canopy, the benchmark in durability, stability and responsiveness<\/li>\n<li>High Tenacity Dacron for enhanced arc stability and improved handling charecteristics<\/li>\n<li>Strategic canopy reinforcements in the high stress areas<\/li>\n<li>Pure profile panels for efficient aerodynamics<\/li>\n<li>Agile and responsive steering for increased power delivery<\/li>\n<li>Refined low end performance for better upwind ability<\/li>\n<li>Effortless relaunch in the lightest of wind conditions<\/li>\n<\/ul>\n","protected":false},"excerpt":{"rendered":"<p>Em 2003, um kite da Cabrinha foi lan\u00e7ado para ajudar as pessoas a maximizar seu tempo na \u00e1gua. O nome tornou-se sin\u00f3nimo de vento leve. O Contra 3 Strut continua esse legado e fornece ao rider a melhor combina\u00e7\u00e3o de for\u00e7a do vento leve e agilidade para maximizar o tempo na \u00e1gua em ventos fracos.<\/p>\n<p>O seu quadro de suporte de 3 suportes permite n\u00e3o apenas avan\u00e7ar ao usar uma sele\u00e7\u00e3o mais tradicional de kitesurf, mas tamb\u00e9m fornece maior estabilidade e um maior alcance de ponta.<\/p>\n<p><strong>Artigo usado<\/strong>, proveniente do nosso watercenter. N\u00e3o vendemos artigos de terceiros. Se necessitares de mais detalhes sobre os artigos usados, contacta-nos atrav\u00e9s do email store@feelviana.com.<\/p>\n","protected":false},"featured_media":9237,"template":"","meta":[],"product_cat":[371,367,365],"product_tag":[441,442],"class_list":{"0":"post-18599","1":"product","2":"type-product","3":"status-publish","4":"has-post-thumbnail","6":"product_cat-kites-kitesurf-watersports-en","7":"product_cat-kitesurf-watersports-en","8":"product_cat-watersports-en","9":"product_tag-outlet-en","10":"product_tag-used-en","11":"product_shipping_class-grupo-2-en","12":"pa_marca-cabrinha-en","14":"first","15":"outofstock","16":"sale","17":"taxable","18":"shipping-taxable","19":"purchasable","20":"product-type-simple"},"_links":{"self":[{"href":"https:\/\/feelvianastore.com\/en\/wp-json\/wp\/v2\/product\/18599","targetHints":{"allow":["GET"]}}],"collection":[{"href":"https:\/\/feelvianastore.com\/en\/wp-json\/wp\/v2\/product"}],"about":[{"href":"https:\/\/feelvianastore.com\/en\/wp-json\/wp\/v2\/types\/product"}],"version-history":[{"count":2,"href":"https:\/\/feelvianastore.com\/en\/wp-json\/wp\/v2\/product\/18599\/revisions"}],"predecessor-version":[{"id":18601,"href":"https:\/\/feelvianastore.com\/en\/wp-json\/wp\/v2\/product\/18599\/revisions\/18601"}],"wp:featuredmedia":[{"embeddable":true,"href":"https:\/\/feelvianastore.com\/en\/wp-json\/wp\/v2\/media\/9237"}],"wp:attachment":[{"href":"https:\/\/feelvianastore.com\/en\/wp-json\/wp\/v2\/media?parent=18599"}],"wp:term":[{"taxonomy":"product_cat","embeddable":true,"href":"https:\/\/feelvianastore.com\/en\/wp-json\/wp\/v2\/product_cat?post=18599"},{"taxonomy":"product_tag","embeddable":true,"href":"https:\/\/feelvianastore.com\/en\/wp-json\/wp\/v2\/product_tag?post=18599"}],"curies":[{"name":"wp","href":"https:\/\/api.w.org\/{rel}","templated":true}]}}